{"id":7,"date":"2025-01-13T07:29:01","date_gmt":"2025-01-13T07:29:01","guid":{"rendered":"https:\/\/www.imlig.ch\/?page_id=7"},"modified":"2025-02-19T12:57:29","modified_gmt":"2025-02-19T12:57:29","slug":"home","status":"publish","type":"page","link":"https:\/\/www.imlig.ch\/","title":{"rendered":"home"},"content":{"rendered":"<p>[et_pb_section fb_built=&#8220;1&#8243; _builder_version=&#8220;4.27.4&#8243; _module_preset=&#8220;default&#8220; custom_margin=&#8220;0px|0px|0px|0px|false|false&#8220; custom_padding=&#8220;0px|0px|0px|0px|false|false&#8220; global_colors_info=&#8220;{}&#8220;][et_pb_row _builder_version=&#8220;4.27.4&#8243; _module_preset=&#8220;default&#8220; width=&#8220;100%&#8220; max_width=&#8220;2560px&#8220; custom_margin=&#8220;0px|0px|0px|0px|false|false&#8220; custom_padding=&#8220;0px|0px|0px|0px|false|false&#8220; global_colors_info=&#8220;{}&#8220;][et_pb_column type=&#8220;4_4&#8243; _builder_version=&#8220;4.27.4&#8243; _module_preset=&#8220;default&#8220; global_colors_info=&#8220;{}&#8220;][et_pb_image src=&#8220;https:\/\/www.imlig.ch\/wp-content\/uploads\/2025\/01\/banner-scaled.jpg&#8220; title_text=&#8220;Screenshot&#8220; force_fullwidth=&#8220;on&#8220; _builder_version=&#8220;4.27.4&#8243; _module_preset=&#8220;default&#8220; custom_margin=&#8220;0px|0px|0px|0px|false|false&#8220; custom_padding=&#8220;0px|0px|0px|0px|false|false&#8220; global_colors_info=&#8220;{}&#8220;][\/et_pb_image][\/et_pb_column][\/et_pb_row][et_pb_row module_class=&#8220;breite&#8220; _builder_version=&#8220;4.27.4&#8243; _module_preset=&#8220;default&#8220; width=&#8220;90%&#8220; max_width=&#8220;2560px&#8220; global_colors_info=&#8220;{}&#8220;][et_pb_column type=&#8220;4_4&#8243; _builder_version=&#8220;4.27.4&#8243; _module_preset=&#8220;default&#8220; global_colors_info=&#8220;{}&#8220;][et_pb_text _builder_version=&#8220;4.27.4&#8243; _module_preset=&#8220;default&#8220; text_font_size=&#8220;5em&#8220; text_letter_spacing=&#8220;6px&#8220; text_line_height=&#8220;2.1em&#8220; text_orientation=&#8220;center&#8220; module_alignment=&#8220;center&#8220; min_height=&#8220;50px&#8220; custom_padding=&#8220;20px||20px||false|false&#8220; border_radii=&#8220;on|20px|20px|20px|20px&#8220; border_width_all=&#8220;1px&#8220; global_colors_info=&#8220;{}&#8220;]<\/p>\n<h1 style=\"text-align: center;\">Gesundheitszentrum-Imlig<\/h1>\n<p>[\/et_pb_text][\/et_pb_column][\/et_pb_row][et_pb_row column_structure=&#8220;1_2,1_2&#8243; module_class=&#8220;breite two-columns&#8220; _builder_version=&#8220;4.27.4&#8243; _module_preset=&#8220;default&#8220; width=&#8220;90%&#8220; max_width=&#8220;2560px&#8220; min_height=&#8220;100vh&#8220; custom_css_free_form=&#8220;selector .et_pb_row {||    display: flex;||    flex-wrap: nowrap;||}&#8220; global_colors_info=&#8220;{}&#8220;][et_pb_column type=&#8220;1_2&#8243; module_class=&#8220;spalte two-col-mob spalte_links&#8220; _builder_version=&#8220;4.27.4&#8243; _module_preset=&#8220;default&#8220; background_color=&#8220;#f8ebd9&#8243; global_colors_info=&#8220;{}&#8220;][et_pb_image src=&#8220;https:\/\/www.imlig.ch\/wp-content\/uploads\/2025\/02\/LogoImlig.webp&#8220; title_text=&#8220;LogoImlig&#8220; align=&#8220;center&#8220; module_class=&#8220;logo&#8220; _builder_version=&#8220;4.27.4&#8243; _module_preset=&#8220;default&#8220; custom_margin=&#8220;20px||20px||false|false&#8220; custom_padding=&#8220;10px|10px|10px|10px|false|false&#8220; global_colors_info=&#8220;{}&#8220;][\/et_pb_image][et_pb_button button_url=&#8220;https:\/\/drogerien-imlig.ch\/&#8220; url_new_window=&#8220;on&#8220; button_text=&#8220;zur Webseite&#8220; button_alignment=&#8220;center&#8220; module_class=&#8220;button&#8220; _builder_version=&#8220;4.27.4&#8243; _module_preset=&#8220;default&#8220; custom_button=&#8220;on&#8220; button_text_color=&#8220;#000000&#8243; custom_margin=&#8220;|10px||10px|false|false&#8220; custom_padding=&#8220;||||false|false&#8220; global_colors_info=&#8220;{}&#8220;][\/et_pb_button][et_pb_text module_class=&#8220;modul&#8220; _builder_version=&#8220;4.27.4&#8243; _module_preset=&#8220;default&#8220; custom_padding=&#8220;10px|20px|10px|20px|false|false&#8220; border_width_bottom=&#8220;1px&#8220; border_color_bottom=&#8220;#7a7a7a&#8220; global_colors_info=&#8220;{}&#8220;]<\/p>\n<p><span>Das Team der Drogerien Imlig ist in Schwyz und Ibach von Montag bis Samstag f\u00fcr Sie da. In unseren Drogerien finden Sie auf IHRE Bed\u00fcrfnisse abgestimmte Probleml\u00f6ser. Uns liegt eine ganzheitliche, kompetente und vor allem Individuelle Beratung am Herzen. Denn jeder Mensch ist einzigartig &#8211; SIE sind einzigartig!<\/span><\/p>\n<p>[\/et_pb_text][et_pb_text _builder_version=&#8220;4.27.4&#8243; _module_preset=&#8220;default&#8220; custom_padding=&#8220;10px|20px|50px|20px|false|false&#8220; border_width_bottom=&#8220;1px&#8220; border_color_bottom=&#8220;#7a7a7a&#8220; global_colors_info=&#8220;{}&#8220;]<\/p>\n<p><strong>Drogerie Imlig AG, Schwyz und Ibach<\/strong><br \/><span>Herrengasse 21<\/span><br \/><span>6430 Schwyz<\/span><br \/><span>041 811 58 56<\/span><\/p>\n<p>[\/et_pb_text][et_pb_text _builder_version=&#8220;4.27.4&#8243; _module_preset=&#8220;default&#8220; custom_padding=&#8220;10px|20px|10px|20px|false|false&#8220; global_colors_info=&#8220;{}&#8220;]<\/p>\n<p><span>Gotthardstrasse 72<\/span><br \/><span>6438 Ibach<\/span><br \/><span>041 811 22 24<\/span><br \/><a href=\"mailto:drogerien@imlig.ch\"><span>drogerien@imlig.ch<\/span><\/a><\/p>\n<p>[\/et_pb_text][\/et_pb_column][et_pb_column type=&#8220;1_2&#8243; module_class=&#8220;spalte two-col-mob spalte_rechts&#8220; _builder_version=&#8220;4.27.4&#8243; _module_preset=&#8220;default&#8220; background_color=&#8220;#f8ebd9&#8243; custom_css_free_form=&#8220;selector .et_pb_row {||    display: flex;||    flex-wrap: nowrap;||}&#8220; global_colors_info=&#8220;{}&#8220;][et_pb_image src=&#8220;https:\/\/www.imlig.ch\/wp-content\/uploads\/2025\/02\/LogoNaturheilpraxis.webp&#8220; title_text=&#8220;LogoNaturheilpraxis&#8220; align=&#8220;center&#8220; module_class=&#8220;logo&#8220; _builder_version=&#8220;4.27.4&#8243; _module_preset=&#8220;default&#8220; background_enable_color=&#8220;off&#8220; custom_margin=&#8220;20px||20px||false|false&#8220; custom_padding=&#8220;10px|10px|10px|10px|false|false&#8220; global_colors_info=&#8220;{}&#8220;][\/et_pb_image][et_pb_button button_url=&#8220;https:\/\/naturheilpraxis-imlig.ch\/&#8220; url_new_window=&#8220;on&#8220; button_text=&#8220;zur Webseite&#8220; button_alignment=&#8220;center&#8220; module_class=&#8220;button&#8220; _builder_version=&#8220;4.27.4&#8243; _module_preset=&#8220;default&#8220; custom_button=&#8220;on&#8220; button_text_color=&#8220;#000000&#8243; custom_margin=&#8220;|10px||10px|false|false&#8220; global_colors_info=&#8220;{}&#8220;][\/et_pb_button][et_pb_text _builder_version=&#8220;4.27.4&#8243; _module_preset=&#8220;default&#8220; custom_padding=&#8220;10px|20px|10px|20px|false|false&#8220; border_width_bottom=&#8220;1px&#8220; border_color_bottom=&#8220;#7a7a7a&#8220; global_colors_info=&#8220;{}&#8220;]<\/p>\n<p><span>Das erfahrene Therapeutenteam der Naturheilpraxis Imlig bietet Ihnen verschiedene Therapien zur ganzheitlichen Gesundheitserhaltung an. Speziell auf Sie abgestimmt &#8211; so individuell wie Sie selber sind! Wir begleiten Ihren Heilprozess. Wir m\u00f6chten Sie f\u00fcr die eigene innere Stimme und f\u00fcr die Kr\u00e4fte der Natur sensibilisieren.<\/span><\/p>\n<p>[\/et_pb_text][et_pb_text _builder_version=&#8220;4.27.4&#8243; _module_preset=&#8220;default&#8220; custom_padding=&#8220;10px|20px|10px|20px|false|false&#8220; global_colors_info=&#8220;{}&#8220;]<\/p>\n<p><strong>Naturheilpraxis Imlig Ibach<\/strong><br \/><span>Gotthardstrasse 70<\/span><br \/><span>6438 Ibach<\/span><br \/><span>041 819 30 00<\/span><br \/><a href=\"mailto:naturheilpraxis@imlig.ch\"><span>naturheilpraxis@imlig.ch<\/span><\/a><\/p>\n<p>[\/et_pb_text][et_pb_image src=&#8220;https:\/\/www.imlig.ch\/wp-content\/uploads\/2025\/01\/symbole-naturheilpraxis_538x538-s1q85.png&#8220; title_text=&#8220;symbole-naturheilpraxis_538x538-s1q85&#8243; align=&#8220;right&#8220; _builder_version=&#8220;4.27.4&#8243; _module_preset=&#8220;default&#8220; custom_padding=&#8220;|20px||20px|false|false&#8220; global_colors_info=&#8220;{}&#8220;][\/et_pb_image][\/et_pb_column][\/et_pb_row][\/et_pb_section]<\/p>\n","protected":false},"excerpt":{"rendered":"<p>Gesundheitszentrum-ImligDas Team der Drogerien Imlig ist in Schwyz und Ibach von Montag bis Samstag f\u00fcr Sie da. In unseren Drogerien finden Sie auf IHRE Bed\u00fcrfnisse abgestimmte Probleml\u00f6ser. Uns liegt eine ganzheitliche, kompetente und vor allem Individuelle Beratung am Herzen. Denn jeder Mensch ist einzigartig &#8211; SIE sind einzigartig!Drogerie Imlig AG, Schwyz und IbachHerrengasse 216430 Schwyz041 [&hellip;]<\/p>\n","protected":false},"author":1,"featured_media":0,"parent":0,"menu_order":0,"comment_status":"closed","ping_status":"closed","template":"","meta":{"_et_pb_use_builder":"on","_et_pb_old_content":"","_et_gb_content_width":"","om_disable_all_campaigns":false,"_monsterinsights_skip_tracking":false,"_monsterinsights_sitenote_active":false,"_monsterinsights_sitenote_note":"","_monsterinsights_sitenote_category":0,"iawp_total_views":3188,"footnotes":""},"class_list":["post-7","page","type-page","status-publish","hentry"],"aioseo_notices":[],"_links":{"self":[{"href":"https:\/\/www.imlig.ch\/index.php?rest_route=\/wp\/v2\/pages\/7","targetHints":{"allow":["GET"]}}],"collection":[{"href":"https:\/\/www.imlig.ch\/index.php?rest_route=\/wp\/v2\/pages"}],"about":[{"href":"https:\/\/www.imlig.ch\/index.php?rest_route=\/wp\/v2\/types\/page"}],"author":[{"embeddable":true,"href":"https:\/\/www.imlig.ch\/index.php?rest_route=\/wp\/v2\/users\/1"}],"replies":[{"embeddable":true,"href":"https:\/\/www.imlig.ch\/index.php?rest_route=%2Fwp%2Fv2%2Fcomments&post=7"}],"version-history":[{"count":54,"href":"https:\/\/www.imlig.ch\/index.php?rest_route=\/wp\/v2\/pages\/7\/revisions"}],"predecessor-version":[{"id":238,"href":"https:\/\/www.imlig.ch\/index.php?rest_route=\/wp\/v2\/pages\/7\/revisions\/238"}],"wp:attachment":[{"href":"https:\/\/www.imlig.ch\/index.php?rest_route=%2Fwp%2Fv2%2Fmedia&parent=7"}],"curies":[{"name":"wp","href":"https:\/\/api.w.org\/{rel}","templated":true}]}}